{"id":1165,"date":"2018-02-21T23:37:47","date_gmt":"2018-02-21T23:37:47","guid":{"rendered":"http:\/\/micaelachirif.pe\/prensa\/"},"modified":"2025-12-07T10:04:56","modified_gmt":"2025-12-07T15:04:56","slug":"press","status":"publish","type":"page","link":"https:\/\/micaelachirif.pe\/en\/press\/","title":{"rendered":"Press"},"content":{"rendered":"<blockquote><p><img loading=\"lazy\" decoding=\"async\" width=\"2953\" height=\"1969\" class=\"size-full wp-image-668 alignleft\" src=\"https:\/\/micaelachirif.pe\/wp-content\/uploads\/2020\/10\/mica-prensa.jpg\" alt=\"\" srcset=\"https:\/\/micaelachirif.pe\/wp-content\/uploads\/2020\/10\/mica-prensa.jpg 2953w, https:\/\/micaelachirif.pe\/wp-content\/uploads\/2020\/10\/mica-prensa-250x167.jpg 250w, https:\/\/micaelachirif.pe\/wp-content\/uploads\/2020\/10\/mica-prensa-768x512.jpg 768w, https:\/\/micaelachirif.pe\/wp-content\/uploads\/2020\/10\/mica-prensa-700x467.jpg 700w, https:\/\/micaelachirif.pe\/wp-content\/uploads\/2020\/10\/mica-prensa-120x80.jpg 120w\" sizes=\"(max-width: 2953px) 100vw, 2953px\" \/><\/p><\/blockquote>\n<h5><\/h5>\n<h5><\/h5>\n<h5><\/h5>\n<h5><\/h5>\n<h5><\/h5>\n<h5><\/h5>\n<h5><strong>Work and Creative Processes<\/strong><\/h5>\n<p>Library of the National Congress. Buenos Aires, Argentina<\/p>\n<p>Interview with Peruvian writer Micaela Chirif, one of the most renowned and internationally awarded Latin American authors of books for children.<\/p>\n<p><a href=\"https:\/\/www.youtube.com\/live\/nCs_N7UURNQ?si=luILRSM5PNkml9iJ\">https:\/\/www.youtube.com\/live\/nCs_N7UURNQ?si=luILRSM5PNkml9iJ<\/a><\/p>\n<h5>Micaela Chirif, a Voice from Peru<\/h5>\n<p>Born in Lima, Peru, where she still lives, Micaela Chirif has developed a poetic body of work centered on the different ways of experiencing childhood. But her work is also broad enough to appeal to adult readers, who may feel addressed by the sensitivity with which she navigates various emotions.<\/p>\n<h5><a href=\"https:\/\/fpalabra.cl\/micaela-chirif-una-voz-desde-el-peru\/\">https:\/\/fpalabra.cl\/micaela-chirif-una-voz-desde-el-peru\/<\/a><\/h5>\n<h5><strong>We must renew our view on childhood <\/strong><\/h5>\n<p>Like in all literature, that of children&#8217;s genre is also threatened by commonplaces that can truncate\u00a0the pleasure of reading in little ones.<br \/>\n<a href=\"https:\/\/rpp.pe\/cultura\/literatura\/micaela-chirif-pide-no-subestimar-a-ninos-y-ninas-como-lectores-hay-que-renovar-nuestra-mirada-sobre-la-infancia-una-cancion-que-no-conozco-jose-watanabe-noticia-1323049?ref=rpp\">https:\/\/rpp.pe\/cultura\/literatura\/micaela-chirif-pide-no-subestimar-a-ninos-y-ninas-como-lectores-hay-que-renovar-nuestra-mirada-sobre-la-infancia-una-cancion-que-no-conozco-jose-watanabe-noticia-1323049?ref=rpp<\/a><\/p>\n<h5><strong>Going back to poetry set me free from the image<\/strong><\/h5>\n<p>Known specially for being a children&#8217;s literature author, Micaela Chirif is also a poet. Even more, she first published poetry. In this interview she tells us about her experience that led her to reconnect with poetry through an illustrated album book project.<br \/>\n<a href=\"https:\/\/leeporgusto.pe\/2020\/10\/30\/micaela-chirif-el-regreso-a-la-poesia-me-libero-de-la-imagen\/\" target=\"_blank\" rel=\"noopener\">https:\/\/leeporgusto.pe\/2020\/10\/30\/micaela-chirif-el-regreso-a-la-poesia-me-libero-de-la-imagen\/<\/a><\/p>\n<h5><strong>How do you make an informative book?<\/strong><\/h5>\n<p>Workshop talk with Micaela Chirif and Loreto Salinas about the process of Peruvian Animals.<br \/>\n<a href=\"https:\/\/www.youtube.com\/watch?v=nOCEHrKO7Os&amp;ab_channel=IberoLibrerias\">https:\/\/www.youtube.com\/watch?v=nOCEHrKO7Os&amp;ab_channel=IberoLibrerias<\/a><\/p>\n<h5><strong>We must renew our view on childhood<\/strong><\/h5>\n<p>RPP Noticias talked with writer Micaela Chirif about her new illustrated album book \u201cA song I don&#8217;t know\u201d and ways to fight the stereotypes that affect children&#8217;s literature.<br \/>\n<a href=\"https:\/\/rpp.pe\/cultura\/literatura\/micaela-chirif-pide-no-subestimar-a-ninos-y-ninas-como-lectores-hay-que-renovar-nuestra-mirada-sobre-la-infancia-una-cancion-que-no-conozco-jose-watanabe-noticia-1323049\">https:\/\/rpp.pe\/cultura\/literatura\/micaela-chirif-pide-no-subestimar-a-ninos-y-ninas-como-lectores-hay-que-renovar-nuestra-mirada-sobre-la-infancia-una-cancion-que-no-conozco-jose-watanabe-noticia-1323049<\/a><\/p>\n<h5><strong>Against bad children&#8217;s literature<\/strong><\/h5>\n<p>Faced with low-quality literary texts for children, the writer proposes improving school&#8217;s reading plans and a greater investment in public libraries.<br \/>\n<a href=\"https:\/\/elperuano.pe\/noticia\/115738-contra-la-mala-literatura-infantil?fbclid=IwAR3Y0O4V0t8Ag6jRsbZbsZJA0cn-WtB7fVyLHWvdK_Bl3x3c0zHhLGE1JcM\" target=\"_blank\" rel=\"noopener\">https:\/\/elperuano.pe\/noticia\/115738-contra-la-mala-literatura-infantil?fbclid=IwAR3Y0O4V0t8Ag6jRsbZbsZJA0cn-WtB7fVyLHWvdK_Bl3x3c0zHhLGE1JcM<\/a><\/p>\n<h5><strong>Children&#8217;s literature is viewed with contempt<\/strong><\/h5>\n<p>The author won the Hispano-American Children&#8217;s Poetry Prize, organized by the Fundaci\u00f3n de las Letras Mexicanas. An award that joins the German White Raven for &#8220;Inside a Zebra&#8221;<br \/>\n<a href=\"https:\/\/elcomercio.pe\/luces\/libros\/micaela-chirif-literatura-infantil-permite-explorar-libertad-noticia-446987\" target=\"_blank\" rel=\"noopener\">https:\/\/elcomercio.pe\/luces\/libros\/micaela-chirif-la-literatura-para-ninos-se-ve-con-desprecio-noticia\/<\/a><\/p>\n<h5><strong>Feminism came to children&#8217;s literature to turn it upside down<\/strong><\/h5>\n<p>The Peruvian writer of children&#8217;s books, Micaela Chirif, tells from her experience how feminized characters have an increasingly leading role. For her, it is necessary to stop considering children&#8217;s literature as an extension of the maternal role.<\/p>\n<h5><a href=\"https:\/\/www.pagina12.com.ar\/239209-para-micaela-chirif-el-feminismo-llego-a-la-literatura-infan\">https:\/\/www.pagina12.com.ar\/239209-para-micaela-chirif-el-feminismo-llego-a-la-literatura-infan<\/a><\/h5>\n<h5><strong>Children&#8217;s literature allows you to explore freely<\/strong><\/h5>\n<p>The latest edition of the book &#8220;In the form of words&#8221;, illustrated by Gabriel Alayza and written by Micaela Chirif, arrives at her door. Immediately, the author begins to leaf through the pages&#8230;<br \/>\n<a href=\"https:\/\/elcomercio.pe\/luces\/libros\/micaela-chirif-literatura-infantil-permite-explorar-libertad-noticia-446987\" target=\"_blank\" rel=\"noopener\">https:\/\/elcomercio.pe\/luces\/libros\/micaela-chirif-literatura-infantil-permite-explorar-libertad-noticia-446987<\/a><\/p>\n<h5><strong>The inner mastodon<\/strong><\/h5>\n<p>A boy who lives with a mastodon and insists on taming it. This is the starting point of the extraordinary illustrated album for which Micaela Chirif and Issa Watanabe won the XVII edition of &#8220;A la Orilla del Viento&#8221;&#8230;<br \/>\n<a href=\"https:\/\/redaccion.lamula.pe\/2014\/07\/18\/mas-te-vale\/andreshare\/ \" target=\"_blank\" rel=\"noopener\">https:\/\/redaccion.lamula.pe\/2014\/07\/18\/mas-te-vale\/andreshare\/<br \/>\n<\/a><\/p>\n<h5><strong>The gift of making children&#8217;s books<\/strong><\/h5>\n<p>Micaela Chirif is one of the most outstanding creators of Peruvian children&#8217;s literature [&#8230;] her book \u00bfD\u00f3nde est\u00e1 Tom\u00e1s? (Where is Thomas?) (Ediciones Ekar\u00e9, 2016), illustrated by Leire Salaberria, was chosen as one of the winners of the Fundaci\u00f3n Cuatrogatos Award 2017&#8230;<br \/>\n<a href=\"http:\/\/blog.cuatrogatos.org\/blog\/?p=5229\" target=\"_blank\" rel=\"noopener\">http:\/\/blog.cuatrogatos.org\/blog\/?p=5229<\/a><\/p>\n<p><strong>Micaela Chirif and the genesis of everyday life<\/strong><br \/>\nAfter her visit to the Quito Book Fair, Peruvian writer Micaela Chirif visits Chile as part of the 28th Providencia Children&#8217;s Book Fair&#8230;<br \/>\n<a href=\"http:\/\/www.fundacionlafuente.cl\/micaela-chirif-y-la-genesis-de-la-maravilla-cotidiana\/\" target=\"_blank\" rel=\"noopener\">http:\/\/www.fundacionlafuente.cl\/micaela-chirif-y-la-genesis-de-la-maravilla-cotidiana\/<\/a><\/p>\n<p><strong>Where is Thomas?<\/strong><br \/>\nThe Peruvian writer once again dazzles us in an illustrated album book with her dry and poetic pen. This time, accompanied by Spanish illustrator Leire Salaberria, builds a story where mother and son explore imaginary worlds&#8230;<br \/>\n<a href=\"http:\/\/www.vivaleercopec.cl\/2017\/01\/24\/donde-esta-tomas\/\" target=\"_blank\" rel=\"noopener\">http:\/\/www.vivaleercopec.cl\/2017\/01\/24\/donde-esta-tomas\/<\/a><\/p>\n<p><strong>My crazy wonderful grandma<\/strong><br \/>\nThis is not just a simple children&#8217;s story. It tells us about the dormant madness of grandmothers who keep secrets, and loves that they remember next to their grandchildren&#8230;<br \/>\n<a href=\"https:\/\/redaccion.lamula.pe\/2013\/11\/13\/mi-loca-y-maravillosa-abuela\/ceciliapodesta\/ \" target=\"_blank\" rel=\"noopener\">https:\/\/redaccion.lamula.pe\/2013\/11\/13\/mi-loca-y-maravillosa-abuela\/ceciliapodesta\/<br \/>\n<\/a><\/p>\n<p><strong>Breakfast<\/strong><br \/>\nThat dance between the grandmother and the diver will go down in the history of the genre for expressing in all its simplicity, in all its intelligence, and in all its mystery something that we know but that we cannot express&#8230;<br \/>\n<a href=\"http:\/\/www.revistaintemperie.cl\/2014\/12\/19\/desayuno-de-micaela-chirif-y-gabriel-alayza-por-mario-montalbetti\/\" target=\"_blank\" rel=\"noopener\">http:\/\/www.revistaintemperie.cl\/2014\/12\/19\/desayuno-de-micaela-chirif-y-gabriel-alayza-por-mario-montalbetti\/<\/a><\/p>\n<h5><strong>The Minoan distance<\/strong><\/h5>\n<p>\u201cThe third section of \u2018Any Sky\u2019 by Micaela Chirif contains nine poems about death. Those nine poems are exceptional and must be one of the best series of poems on any subject in a long time&#8230;<br \/>\n<a href=\"http:\/\/www.librosperuanos.com\/autores\/articulo\/00000002284\/La-distancia-minoica-Mario-Montalbetti++Referencias\" target=\"_blank\" rel=\"noopener\">http:\/\/www.librosperuanos.com\/autores\/articulo\/00000002284\/La-distancia-minoica-Mario-Montalbetti++Referencias<\/a><\/p>\n<p><strong>Upon my pillow a head<\/strong><br \/>\nLoss is experienced without fanfare, almost modestly, and thus the everyday becomes a leitmotif, a way of vindicating love through day to day life&#8230;<br \/>\n<a href=\"http:\/\/www.librosperuanos.com\/autores\/articulo\/00000002287\/Sobre-mi-almohada-una-cabeza\/\" target=\"_blank\" rel=\"noopener\">http:\/\/www.librosperuanos.com\/autores\/articulo\/00000002287\/Sobre-mi-almohada-una-cabeza\/<\/a><\/p>\n<p><strong><a href=\"https:\/\/micaelachirif.pe\/en\/about-me\/\" target=\"_blank\" rel=\"noopener\">See bio<\/a><\/strong><\/p>\n<p>&nbsp;<\/p>\n<!-- AddThis Advanced Settings generic via filter on the_content --><!-- AddThis Share Buttons generic via filter on the_content -->","protected":false},"excerpt":{"rendered":"Work and Creative Processes Library of the National Congress. Buenos Aires, Argentina Interview with Peruvian writer Micaela Chirif, one of the most renowned and internationally awarded Latin American authors of books for children. https:\/\/www.youtube.com\/live\/nCs_N7UURNQ?si=luILRSM5PNkml9iJ Micaela Chirif, a Voice from Peru Born in Lima, Peru, where she still lives, Micaela Chirif has developed a poetic body&#8230; <a class=\"view-article\" href=\"https:\/\/micaelachirif.pe\/en\/press\/\">View Article<\/a><!-- AddThis Advanced Settings generic via filter on get_the_excerpt --><!-- AddThis Share Buttons generic via filter on get_the_excerpt -->","protected":false},"author":1,"featured_media":0,"parent":0,"menu_order":4,"comment_status":"closed","ping_status":"closed","template":"","meta":{"_acf_changed":false,"footnotes":""},"acf":[],"_links":{"self":[{"href":"https:\/\/micaelachirif.pe\/en\/wp-json\/wp\/v2\/pages\/1165"}],"collection":[{"href":"https:\/\/micaelachirif.pe\/en\/wp-json\/wp\/v2\/pages"}],"about":[{"href":"https:\/\/micaelachirif.pe\/en\/wp-json\/wp\/v2\/types\/page"}],"author":[{"embeddable":true,"href":"https:\/\/micaelachirif.pe\/en\/wp-json\/wp\/v2\/users\/1"}],"replies":[{"embeddable":true,"href":"https:\/\/micaelachirif.pe\/en\/wp-json\/wp\/v2\/comments?post=1165"}],"version-history":[{"count":13,"href":"https:\/\/micaelachirif.pe\/en\/wp-json\/wp\/v2\/pages\/1165\/revisions"}],"predecessor-version":[{"id":3913,"href":"https:\/\/micaelachirif.pe\/en\/wp-json\/wp\/v2\/pages\/1165\/revisions\/3913"}],"wp:attachment":[{"href":"https:\/\/micaelachirif.pe\/en\/wp-json\/wp\/v2\/media?parent=1165"}],"curies":[{"name":"wp","href":"https:\/\/api.w.org\/{rel}","templated":true}]}}